{"id":45,"date":"2022-10-18T08:29:16","date_gmt":"2022-10-18T06:29:16","guid":{"rendered":"https:\/\/matthias-wieser.com\/?page_id=45"},"modified":"2024-06-28T11:58:28","modified_gmt":"2024-06-28T09:58:28","slug":"impressum-datenschutz","status":"publish","type":"page","link":"https:\/\/matthias-wieser.com\/google-ads-agentur-wien\/impressum-datenschutz\/","title":{"rendered":"Impressum &#038; Datenschutz"},"content":{"rendered":"\n<div class=\"wp-block-group alignwide datenschutz-wrapper is-layout-constrained wp-block-group-is-layout-constrained\">\n<h1 class=\"wp-block-heading impressum-headline\">Impressum &amp; Datenschutz<\/h1>\n\n\n\n<p><strong>Nach \u00a7 5 Abs. 1 des \u00f6sterreichischen eCommerce-Gesetz (ECG) und \u00a7 24 Mediengesetz geben wir hiermit uns als den Betreiber dieser Internetseite bekannt:<\/strong><\/p>\n\n\n\n<p>Mag. Matthias Wieser<br>E-mail:\u00a0<a href=\"mailto:service@matthias-wieser.com\">mw@matthias-wieser.com<\/a><br>Tel.: +43 650 271 50 11<\/p>\n\n\n\n<p><strong>B\u00fcroadresse:<\/strong><\/p>\n\n\n\n<p>Czartoriskygasse 26A\/4<br>A-1180 Wien<\/p>\n\n\n\n<p>ATU68672322<\/p>\n\n\n\n<hr class=\"wp-block-separator has-alpha-channel-opacity\"\/>\n\n\n\n<h3 class=\"wp-block-heading\"><\/h3>\n\n\n\n<p><strong>Grafik Design und Programmierung:<\/strong><br>AG MEDIA GmbH<br>E-Mail:&nbsp;<a href=\"javascript:linkTo_UnCryptMailto('nbjmup;pggjdfAbhnfejb\/bu');\">office@agmedia.at<\/a><br><a href=\"http:\/\/www.agmedia.at\/\" target=\"_blank\" rel=\"noreferrer noopener\">www.agmedia.at<\/a><\/p>\n\n\n\n<hr class=\"wp-block-separator has-alpha-channel-opacity\"\/>\n\n\n\n<h3 class=\"wp-block-heading\">Allgemeines<\/h3>\n\n\n\n<p>Verantwortlich f\u00fcr die Verarbeitung Ihrer personenbezogenen Daten auf unserer Website ist Matthias Wieser. Unsere Daten finden Sie oben angef\u00fchrt.<\/p>\n\n\n\n<p>Ihre personenbezogenen Daten (z. B. Anrede, Name, Anschrift, E-Mail-Adresse, Telefonnummer) werden von uns nur gem\u00e4\u00df den Bestimmungen des DSVGO verarbeitet. Die nachfolgenden Vorschriften informieren Sie \u00fcber Art, Umfang und Zweck der Erhebung, Verarbeitung und Nutzung personenbezogener Daten. Diese Datenschutzerkl\u00e4rung bezieht sich nur auf unsere Webseiten. Falls Sie \u00fcber Links auf unseren Seiten auf andere Seiten weitergeleitet werden, informieren Sie sich bitte dort \u00fcber den jeweiligen Umgang mit Ihren Daten.<\/p>\n\n\n\n<p>1.) Ihre personenbezogenen Daten, soweit diese f\u00fcr die Begr\u00fcndung, inhaltliche Ausgestaltung oder \u00c4nderung des Vertragsverh\u00e4ltnisses erforderlich sind (Bestandsdaten), werden ausschlie\u00dflich zur Vertragsabwicklung verwendet.<\/p>\n\n\n\n<p>2.) Ohne Ihre ausdr\u00fcckliche Einwilligung oder ohne gesetzliche Grundlage werden Ihre personenbezogenen Daten nicht an au\u00dferhalb der Vertragsabwicklung stehende Dritte weitergegeben.<\/p>\n\n\n\n<p>Nach vollst\u00e4ndiger Vertragsabwicklung werden Ihre Daten f\u00fcr die weitere Verwendung gesperrt. Nach Ablauf der steuer- und handelsrechtlichen Vorschriften werden diese Daten gel\u00f6scht, sofern Sie nicht ausdr\u00fccklich in die weitere Nutzung eingewilligt haben.<\/p>\n\n\n\n<hr class=\"wp-block-separator has-alpha-channel-opacity\"\/>\n\n\n\n<h3 class=\"wp-block-heading\">Webanalyse mit Google Analytics<\/h3>\n\n\n\n<p>Diese Webseite benutzt Google Analytics mit der Erweiterung \u201eanonymizeIP()\u201c, damit die IP-Adressen nur gek\u00fcrzt weiterverarbeitet werden, um eine direkte Personenbeziehbarkeit auszuschlie\u00dfen.<\/p>\n\n\n\n<p>Diese Website benutzt Google Analytics, einen Webanalysedienst der Google Inc. (Google). Google Analytics verwendet sog. Cookies, Textdateien, die auf Ihrem Computer gespeichert werden und die eine Analyse der Benutzung der Website durch Sie erm\u00f6glichen. Die durch das Cookie erzeugten Informationen \u00fcber Ihre Benutzung dieser Website werden in der Regel an einen Server von Google in den USA \u00fcbertragen und dort gespeichert. Im Falle der Aktivierung der IP-Anonymisierung auf dieser Webseite, wird Ihre IP-Adresse von Google jedoch innerhalb von Mitgliedstaaten der Europ\u00e4ischen Union oder in anderen Vertragsstaaten des Abkommens \u00fcber den Europ\u00e4ischen Wirtschaftsraum zuvor gek\u00fcrzt. Nur in Ausnahmef\u00e4llen wird die volle IP-Adresse an einen Server von Google in den USA \u00fcbertragen und dort gek\u00fcrzt. Im Auftrag des Betreibers dieser Website wird Google diese Informationen benutzen, um Ihre Nutzung der Website auszuwerten, um Reports \u00fcber die Websiteaktivit\u00e4ten zusammenzustellen und um weitere mit der Websitenutzung und der Internetnutzung verbundene Dienstleistungen gegen\u00fcber dem Websitebetreiber zu erbringen. Die im Rahmen von Google Analytics von Ihrem Browser \u00fcbermittelte IP-Adresse wird nicht mit anderen Daten von Google zusammengef\u00fchrt. Sie k\u00f6nnen die Speicherung der Cookies durch eine entsprechende Einstellung Ihrer Browser-Software verhindern; wir weisen Sie jedoch darauf hin, dass Sie in diesem Fall gegebenenfalls nicht s\u00e4mtliche Funktionen dieser Website vollumf\u00e4nglich werden nutzen k\u00f6nnen.<\/p>\n\n\n\n<p>Sie k\u00f6nnen dar\u00fcber hinaus die Erfassung der durch das Cookie erzeugten und auf Ihre Nutzung der Website bezogenen Daten (inkl. Ihrer IP-Adresse) an Google sowie die Verarbeitung dieser Daten durch Google verhindern, indem Sie das unter dem folgenden Link verf\u00fcgbare Browser-Plugin herunterladen und installieren:&nbsp;<a href=\"https:\/\/tools.google.com\/dlpage\/gaoptout?hl=de\" target=\"_blank\" rel=\"noreferrer noopener\">http:\/\/tools.google.com\/dlpage\/gaoptout?hl=de<\/a>.<\/p>\n\n\n\n<hr class=\"wp-block-separator has-alpha-channel-opacity\"\/>\n\n\n\n<h3 class=\"wp-block-heading\">Demografische Merkmale bei Google Analytics<\/h3>\n\n\n\n<p>Diese Website nutzt die Funktion \u201cdemografische Merkmale\u201d von Google Analytics. Dadurch k\u00f6nnen Berichte erstellt werden, die Aussagen zu Alter, Geschlecht und Interessen der Seitenbesucher enthalten. Diese Daten stammen aus interessenbezogener Werbung von Google sowie aus Besucherdaten von Drittanbietern. Diese Daten k\u00f6nnen keiner bestimmten Person zugeordnet werden. Sie k\u00f6nnen diese Funktion jederzeit \u00fcber die Anzeigeneinstellungen in Ihrem Google-Konto.<\/p>\n\n\n\n<hr class=\"wp-block-separator has-alpha-channel-opacity\"\/>\n\n\n\n<h3 class=\"wp-block-heading\">Google Analytics Remarketing<\/h3>\n\n\n\n<p>Unsere Websites nutzen die Funktionen von Google Analytics Remarketing in Verbindung mit den ger\u00e4te\u00fcbergreifenden Funktionen von Google AdWords und Google DoubleClick. Anbieter ist die Google Inc., 1600 Amphitheatre Parkway, Mountain View, CA 94043, USA.<\/p>\n\n\n\n<p>Diese Funktion erm\u00f6glicht es die mit Google Analytics Remarketing erstellten Werbe-Zielgruppen mit den ger\u00e4te\u00fcbergreifenden Funktionen von Google AdWords und Google DoubleClick zu verkn\u00fcpfen. Auf diese Weise k\u00f6nnen interessenbezogene, personalisierte Werbebotschaften, die in Abh\u00e4ngigkeit Ihres fr\u00fcheren Nutzungs- und Surfverhaltens auf einem Endger\u00e4t (z.B. Handy) an Sie angepasst wurden auch auf einem anderen Ihrer Endger\u00e4te (z.B. Tablet oder PC) angezeigt werden. Haben Sie eine entsprechende Einwilligung erteilt, verkn\u00fcpft Google zu diesem Zweck Ihren Web- und App-Browserverlauf mit Ihrem Google-Konto. Auf diese Weise k\u00f6nnen auf jedem Endger\u00e4t auf dem Sie sich mit Ihrem Google-Konto anmelden, dieselben personalisierten Werbebotschaften geschaltet werden. Zur Unterst\u00fctzung dieser Funktion erfasst Google Analytics google-authentifizierte IDs der Nutzer, die vor\u00fcbergehend mit unseren Google-Analytics-Daten verkn\u00fcpft werden, um Zielgruppen f\u00fcr die ger\u00e4te\u00fcbergreifende Anzeigenwerbung zu definieren und zu erstellen. Sie k\u00f6nnen dem ger\u00e4te\u00fcbergreifenden Remarketing\/Targeting dauerhaft widersprechen, indem Sie personalisierte Werbung in Ihrem Google-Konto deaktivieren; folgen Sie hierzu diesem Link:&nbsp;<a href=\"https:\/\/www.google.com\/settings\/ads\/onweb\/\" target=\"_blank\" rel=\"noreferrer noopener\">https:\/\/www.google.com\/settings\/ads\/onweb\/<\/a>.<\/p>\n\n\n\n<p>Die Zusammenfassung der erfassten Daten in Ihrem Google-Konto erfolgt ausschlie\u00dflich auf Grundlage Ihrer Einwilligung, die Sie bei Google abgeben oder widerrufen k\u00f6nnen (Art. 6 Abs. 1 lit. a DSGVO). Bei Datenerfassungsvorg\u00e4ngen, die nicht in Ihrem Google-Konto zusammengef\u00fchrt werden (z.B. weil Sie kein Google-Konto haben oder der Zusammenf\u00fchrung widersprochen haben) beruht die Erfassung der Daten auf Art. 6 Abs. 1 lit. f DSGVO. Das berechtigte Interesse ergibt sich daraus, dass der Websitebetreiber ein Interesse an der anonymisierten Analyse der Websitebesucher zu Werbezwecken hat.<\/p>\n\n\n\n<p>Weitergehende Informationen und die Datenschutzbestimmungen finden Sie in der Datenschutzerkl\u00e4rung von Google unter:&nbsp;<a href=\"https:\/\/www.google.com\/policies\/technologies\/ads\/\" target=\"_blank\" rel=\"noreferrer noopener\">https:\/\/www.google.com\/policies\/technologies\/ads\/<\/a>.<\/p>\n\n\n\n<hr class=\"wp-block-separator has-alpha-channel-opacity\"\/>\n\n\n\n<h3 class=\"wp-block-heading\">Google Tag Manager<\/h3>\n\n\n\n<p>Diese Website nutzt den Google Tag Manager. Durch diesen Dienst k\u00f6nnen Website-Tags \u00fcber eine Oberfl\u00e4che verwaltet werden. Der Google Tag Manager implementiert lediglich Tags. Es werden keine Cookies gesetzt und keine personenbezogenen Daten erfasst. Der Google Tag Manager l\u00f6st andere Tags aus, die ggf. Daten erfassen. Der Google Tag Manager greift auf diese Daten nicht zu. Wurde auf Domain- oder Cookie-Ebene eine Deaktivierung vorgenommen, so bleibt sie f\u00fcr alle Tracking-Tags bestehen, insofern diese mit dem Google Tag Manager implementiert werden. Mehr Informationen zum Google Tag Manager sind unter folgendem Link zu finden:&nbsp;<a href=\"https:\/\/www.google.de\/tagmanager\/use-policy.html\" target=\"_blank\" rel=\"noreferrer noopener\">http:\/\/www.google.de\/tagmanager\/use-policy.html<\/a>.<\/p>\n\n\n\n<p>Der Nutzer hat die M\u00f6glichkeit, das Senden s\u00e4mtlicher Tags des Google Tag Managers zu unterbinden. Hierf\u00fcr muss der Nutzer den nachfolgenden Opt-Out-Link anklicken, um den Google-Tag-Manager-Deaktivierungs-Cookie in seinem Browser abzulegen. Informieren Sie sich, um von der Erfassung \u00fcber den Google Tag Manager ausgeschlossen zu werden. In manchen F\u00e4llen bitten wir Sie um Erlaubnis, Produktdaten (z.B. Ihre Kontodaten) an andere Google-Produkte weiterzugeben, um bestimmte Funktionen zu aktivieren, z.B. die Hinzuf\u00fcgung neuer Conversion-Tracking-Tags f\u00fcr AdWords zu vereinfachen. Weiters werden in regelm\u00e4\u00dfigen Abst\u00e4nden Informationen zur Produktnutzung von unserem Entwicklerteam \u00fcberpr\u00fcft, um jene Produkte weiter zu optimieren. Daten dieser Art werden jedoch nicht ohne Ihre Zustimmung an andere Google-Produkte weitergeben. Weitere Informationen finden Sie in den Nutzungsrichtlinien unter:&nbsp;<a href=\"https:\/\/www.google.de\/tagmanager\/use-policy.html\" target=\"_blank\" rel=\"noreferrer noopener\">http:\/\/www.google.de\/tagmanager\/use-policy.html<\/a>.<\/p>\n\n\n\n<hr class=\"wp-block-separator has-alpha-channel-opacity\"\/>\n\n\n\n<h3 class=\"wp-block-heading\">Google Ads Conversion Tracking<\/h3>\n\n\n\n<p>Diese Webseite nutzt ferner das Google Conversion Tracking. Dabei wird von Google Adwords ein Cookie auf Ihrem Rechner gesetzt, sofern Sie \u00fcber eine Google-Anzeige auf unsere Webseite gelangt sind. Diese Cookies verlieren nach 30 Tagen ihre G\u00fcltigkeit und dienen nicht der pers\u00f6nlichen Identifizierung. Besucht der Nutzer bestimmte Seiten der Webseite des Adwords-Kunden und das Cookie ist noch nicht abgelaufen, k\u00f6nnen Google und der Kunde erkennen, dass der Nutzer auf die Anzeige geklickt hat und zu dieser Seite weitergeleitet wurde. Jeder Adwords-Kunde erh\u00e4lt ein anderes Cookie. Cookies k\u00f6nnen somit nicht \u00fcber die Webseiten von Adwords-Kunden nachverfolgt werden. Die mithilfe des Conversion-Cookies eingeholten Informationen dienen dazu, Conversion-Statistiken f\u00fcr Adwords-Kunden zu erstellen, die sich f\u00fcr Conversion-Tracking entschieden haben. Die Adwords-Kunden erfahren die Gesamtanzahl der Nutzer, die auf ihre Anzeige geklickt haben und zu einer mit einem Conversion-Tracking-Tag versehenen Seite weitergeleitet wurden. Sie erhalten jedoch keine Informationen, mit denen sich Nutzer pers\u00f6nlich identifizieren lassen. Wenn Sie nicht an dem Tracking-Verfahren teilnehmen m\u00f6chten, k\u00f6nnen Sie auch das hierf\u00fcr erforderliche Setzen eines Cookies ablehnen \u2013 etwa per Browser-Einstellung, die das automatische Setzen von Cookies generell deaktiviert.<\/p>\n\n\n\n<p>Sie k\u00f6nnen Cookies f\u00fcr Conversion-Tracking auch deaktivieren, indem Sie Ihren Browser so einstellen, dass Cookies von der Domain \u201ewww.googleadservices.com\u201c blockiert werden. Googles Datenschutzbelehrung zum Conversion-Tracking finden Sie&nbsp;<a href=\"https:\/\/www.google.com\/intl\/de\/policies\/privacy\/\" target=\"_blank\" rel=\"noreferrer noopener\">hier<\/a>.<\/p>\n\n\n\n<hr class=\"wp-block-separator has-alpha-channel-opacity\"\/>\n\n\n\n<h3 class=\"wp-block-heading\">Informationen \u00fcber Cookies<\/h3>\n\n\n\n<p>Zur Optimierung unseres Internetauftritts setzen wir Cookies ein. Es handelt sich dabei um kleine Textdateien, die im Arbeitsspeicher Ihres Computers gespeichert werden. Diese Cookies werden nach dem Schlie\u00dfen des Browsers wieder gel\u00f6scht. Andere Cookies verbleiben auf Ihrem Rechner (Langzeit-Cookies) und erkennen ihn beim n\u00e4chsten Besuch wieder. Dadurch k\u00f6nnen wir Ihnen einen besseren Zugang auf unsere Seite erm\u00f6glichen hat und f\u00fcr welche Bereiche der Website sich der Benutzer besonders interessiert hat. Mehr Informationen zu Cookies erhalten Sie auf&nbsp;<a href=\"https:\/\/de.wikipedia.org\/wiki\/HTTP-Cookie\" target=\"_blank\" rel=\"noreferrer noopener\">Wikipedia<\/a>.<\/p>\n\n\n\n<p>Unsere Website verwendet folgende Cookies:<br>Google: Dient zur Speicherung von Benutzerdaten im Zusammenhang mit der Website-Statistiksoftware Google-Analytics durch Google. Weitere Informationen erhalten Sie bei&nbsp;<a href=\"https:\/\/www.google.com\/analytics\/\" target=\"_blank\" rel=\"noreferrer noopener\">Google-Analytics<\/a>.<\/p>\n\n\n\n<p>Facebook: Dient zur Speicherung von Benutzerdaten im Zusammenhang mit dem Facebook-Pixel. Weitere Informationen erhalten Sie bei&nbsp;<a href=\"https:\/\/developers.facebook.com\/docs\/plugins\" target=\"_blank\" rel=\"noreferrer noopener\">Facebook Developer<\/a>&nbsp;sowie bei den&nbsp;<a href=\"https:\/\/www.facebook.com\/policies\/cookies\/\" target=\"_blank\" rel=\"noreferrer noopener\">Facebook Cookie Hinweisen<\/a>. Das Speichern von Cookies k\u00f6nnen Sie verhindern, indem Sie in Ihren Browser-Einstellungen \u201eCookies blockieren\u201c w\u00e4hlen. Dies kann aber eine Funktionseinschr\u00e4nkung unserer Angebote zur Folge haben. Wo genau sich diese Einstellungen befinden, h\u00e4ngt vom jeweiligen Web-Browser ab. Detailinformationen dazu k\u00f6nnen \u00fcber die Hilfe-Funktion des jeweiligen Web-Browsers aufgerufen werden. Generelle Einstellung zu personalisierter Online-Werbung k\u00f6nnen Sie hier vornehmen:&nbsp;<a href=\"https:\/\/www.google.com\/ads\/preferences\/?hl=de\" target=\"_blank\" rel=\"noreferrer noopener\">Google Anzeigenvorgaben und Abmeldem\u00f6glichkeiten von personalisierter Werbung<\/a>. Einstellungen und Abmeldem\u00f6glichkeiten der \u201eNetwork Advertising Initiative\u201c<\/p>\n\n\n\n<p>Wenn Sie nicht m\u00f6chten, dass Facebook die \u00fcber unsere Webseiten \u00fcber Sie gesammelten Daten Ihrem Facebook-Konto zuordnet, m\u00fcssen Sie sich vor Ihrem Besuch unserer Webseiten bei Facebook ausloggen.<\/p>\n\n\n\n<hr class=\"wp-block-separator has-alpha-channel-opacity\"\/>\n\n\n\n<h3 class=\"wp-block-heading\">Facebook Ads \u2013 Pixel<\/h3>\n\n\n\n<p>Diese Website verwendet Facebook Pixel, einen Webanalysedienst der Facebook Ireland Limited, 4 Grand Canal Square, Dublin 2, Irland (\u201eFacebook\u201c). Wir haben dazu mit Facebook einen Vertrag zur Auftragsdatenverarbeitung abgeschlossen. Die Daten werden teilweise in die USA \u00fcbertragen. Die \u00dcbermittlung der Daten in die USA erfolgt auf Grundlage des Privacy Shields. Beim Aufruf unserer Webseite wird \u00fcber eine Software eine Verbindung zu den Servern von Facebook hergestellt und Daten an teils in den USA befindliche Server von Facebook \u00fcbermittelt. Facebook Pixel verwendet zudem Cookies zur Speicherung von Informationen \u00fcber den Website-Benutzer und zur Analyse der Benutzung der Website durch die Website-Benutzer. Laut Angaben von Facebook wird Facebook die erhobenen Daten benutzen, um die Nutzung der Website auszuwerten, um Reports \u00fcber die Websiteaktivit\u00e4ten zusammenzustellen und um weitere mit der Websitenutzung und der Internetnutzung verbundene Dienstleistungen zu erbringen. Auch wird Facebook diese Informationen gegebenenfalls an Dritte \u00fcbertragen, sofern dies gesetzlich vorgeschrieben ist oder soweit Dritte diese Daten im Auftrag von Facebook verarbeiten.<\/p>\n\n\n\n<p>Detaillierte Informationen zum Umgang mit Nutzerdaten bei Facebook finden Sie in der Datenschutzerkl\u00e4rung von&nbsp;<a href=\"https:\/\/www.facebook.com\/privacy\/explanation\" target=\"_blank\" rel=\"noreferrer noopener\">Facebook<\/a>.<\/p>\n\n\n\n<hr class=\"wp-block-separator has-alpha-channel-opacity\"\/>\n\n\n\n<h3 class=\"wp-block-heading\">Facebook Pixel deaktivieren<\/h3>\n\n\n\n<p>Sie k\u00f6nnen die Erfassung Ihrer Nutzerdaten durch Facebook Pixel nur auf dieser Website verhindern, indem Sie auf folgenden Link klicken. Es wird ein Opt-Out-Cookie gesetzt, das die Erfassung Ihrer Daten bei zuk\u00fcnftigen Besuchen dieser Website verhindert:&nbsp;<a href=\"fbOptout()\" target=\"_blank\" rel=\"noreferrer noopener\">Facebook Pixel deaktivieren<\/a>. Weitere Informationen hierzu finden Sie in der Datenschutzerkl\u00e4rung von Facebook. Falls Sie keine Datenerfassung via Custom Audience w\u00fcnschen, k\u00f6nnen Sie Custom Audiences hier&nbsp;<a href=\"https:\/\/www.facebook.com\/ads\/website_custom_audiences\/\" target=\"_blank\" rel=\"noreferrer noopener\">deaktivieren<\/a>.<\/p>\n\n\n\n<hr class=\"wp-block-separator has-alpha-channel-opacity\"\/>\n\n\n\n<h3 class=\"wp-block-heading\">Server-Log-Files<\/h3>\n\n\n\n<p>Der Provider der Seiten erhebt und speichert automatisch Informationen in so genannten Server-Log Files, die Ihr Browser automatisch an uns \u00fcbermittelt. Dies sind:<\/p>\n\n\n\n<ul class=\"wp-block-list\">\n<li>Browsertyp und Browserversion<\/li>\n\n\n\n<li>verwendetes Betriebssystem<\/li>\n\n\n\n<li>Referrer URL<\/li>\n\n\n\n<li>Hostname des zugreifenden Rechners<\/li>\n\n\n\n<li>Uhrzeit der Serveranfrage<\/li>\n<\/ul>\n\n\n\n<p>Diese Daten sind nicht bestimmten Personen zuordenbar. Eine Zusammenf\u00fchrung dieser Daten mit anderen Datenquellen wird nicht vorgenommen. Wir behalten uns vor, diese Daten nachtr\u00e4glich zu pr\u00fcfen, wenn uns konkrete Anhaltspunkte f\u00fcr eine rechtswidrige Nutzung bekannt werden.<\/p>\n\n\n\n<hr class=\"wp-block-separator has-alpha-channel-opacity\"\/>\n\n\n\n<h3 class=\"wp-block-heading\">Sicherheit durch SSL<\/h3>\n\n\n\n<p>Ihre Bestellungen und Ihre pers\u00f6nlichen Daten wie Ihr Name, Ihre Adresse oder die Angaben zu Ihrer Kreditkarte werden durch moderne Sicherheitssysteme gesch\u00fctzt. Die \u00dcbertragung dieser Daten erfolgt verschl\u00fcsselt und f\u00fcr Au\u00dfenstehende unlesbar unter Verwendung des Secure Socket Layers (SSL) von VeriSign, einem Sicherheitsstandard, der von allen \u00fcblichen Internet-Browsern unterst\u00fctzt wird. Sie erkennen den Sicherheitsstatus an der Endung \u201es\u201c im ersten Teil der Adresse ( \u201ehttps:\u201c anstatt \u201ehttp:\u201c ). trifft alle notwendigen Vorkehrungen, um Ihre pers\u00f6nlichen Daten zu sch\u00fctzen. Dabei k\u00f6nnen Sie uns aktiv unterst\u00fctzen, indem Sie niemals Ihr Passwort weitergeben, die verschl\u00fcsselte Daten\u00fcbertragung (SSL) ausw\u00e4hlen, wann immer wir Ihnen dies anbieten (z.B. im Rahmen des Bestellvorgangs). Wenn Sie Ihren Computer mit anderen teilen, sollten Sie darauf achten, sich nach jeder Sitzung abzumelden. Gemeinsam erreichen wir, dass Ihr Online-Einkauf wirklich sicher ist.<\/p>\n\n\n\n<hr class=\"wp-block-separator has-alpha-channel-opacity\"\/>\n\n\n\n<h3 class=\"wp-block-heading\">Haftungsausschluss<\/h3>\n\n\n\n<p>Laufend \u00fcberpr\u00fcfen und aktualisieren wir die Inhalte, die wir auf unserer Website ver\u00f6ffentlicht haben. Wir \u00fcbernehmen keine Haftung oder Garantie f\u00fcr Aktualit\u00e4t, Richtigkeit und Vollst\u00e4ndigkeit der ver\u00f6ffentlichten Inhalte.<\/p>\n\n\n\n<hr class=\"wp-block-separator has-alpha-channel-opacity\"\/>\n\n\n\n<h3 class=\"wp-block-heading\">Ihre Rechte<\/h3>\n\n\n\n<p>Nach dem DSVGO haben Sie ein Recht auf unentgeltliche Auskunft \u00fcber Ihre gespeicherten Daten sowie ggf. ein Recht auf Berichtigung, Sperrung oder L\u00f6schung dieser Daten. Fragen k\u00f6nnen Sie z. B. \u00fcber die folgende E-Mail-Adresse stellen:&nbsp;<a href=\"mailto:service@matthias-wieser.com\">service@matthias-wieser.com<\/a>. Zudem haben Sie das Recht auf Widerruf eventuell erteilter Einwilligungen zur Verarbeitung Ihrer personenbezogenen Daten. Die Rechtm\u00e4\u00dfigkeit der Verarbeitung der personenbezogenen Daten bis zum Widerruf wird durch den Widerruf nicht ber\u00fchrt. Zudem haben Sie das Recht auf Widerspruch gegen die Verarbeitung Ihrer personenbezogenen Daten zum Zweck der Direktwerbung. Im Fall des Widerspruchs werden Ihre personenbezogenen Daten nicht mehr zum Zwecke der Direktwerbung verarbeitet.<\/p>\n\n\n\n<p>Weiters haben Sie das Recht auf Beschwerde bei der Aufsichtsbeh\u00f6rde:<\/p>\n\n\n\n<p>\u00d6sterreichische Datenschutzbeh\u00f6rde<br>Wickenburggasse 8<br>1080 Wien<br>Telefon: +43 1 52 152-0<br>E-Mail:&nbsp;<a href=\"mailto:dsb@dsb.gv.at\">dsb@dsb.gv.at<\/a><\/p>\n\n\n\n<hr class=\"wp-block-separator has-alpha-channel-opacity\"\/>\n\n\n\n<p><\/p>\n\n\n\n<hr class=\"wp-block-separator has-alpha-channel-opacity\"\/>\n\n\n\n<p><\/p>\n\n\n\n<hr class=\"wp-block-separator has-alpha-channel-opacity\"\/>\n\n\n\n<p><\/p>\n\n\n\n<hr class=\"wp-block-separator has-alpha-channel-opacity\"\/>\n\n\n\n<p><\/p>\n\n\n\n<p>Es ist ausschlie\u00dflich das Recht der Bundesrepublik \u00d6sterreich anwendbar.<\/p>\n<\/div>\n","protected":false},"excerpt":{"rendered":"<p>Impressum &amp; Datenschutz Nach \u00a7 5 Abs. 1 des \u00f6sterreichischen eCommerce-Gesetz (ECG) und \u00a7 24 Mediengesetz geben wir hiermit uns als den Betreiber dieser Internetseite bekannt: Mag. Matthias WieserE-mail:\u00a0mw@matthias-wieser.comTel.: +43 650 271 50 11 B\u00fcroadresse: Czartoriskygasse 26A\/4A-1180 Wien ATU68672322 Grafik Design und Programmierung:AG MEDIA GmbHE-Mail:&nbsp;office@agmedia.atwww.agmedia.at Allgemeines Verantwortlich f\u00fcr die Verarbeitung Ihrer personenbezogenen Daten auf unserer [&hellip;]<\/p>\n","protected":false},"author":1,"featured_media":0,"parent":0,"menu_order":0,"comment_status":"closed","ping_status":"closed","template":"wp-custom-template-inside-pages","meta":{"inline_featured_image":false,"footnotes":""},"class_list":["post-45","page","type-page","status-publish","hentry"],"aioseo_notices":[],"_links":{"self":[{"href":"https:\/\/matthias-wieser.com\/google-ads-agentur-wien\/wp-json\/wp\/v2\/pages\/45","targetHints":{"allow":["GET"]}}],"collection":[{"href":"https:\/\/matthias-wieser.com\/google-ads-agentur-wien\/wp-json\/wp\/v2\/pages"}],"about":[{"href":"https:\/\/matthias-wieser.com\/google-ads-agentur-wien\/wp-json\/wp\/v2\/types\/page"}],"author":[{"embeddable":true,"href":"https:\/\/matthias-wieser.com\/google-ads-agentur-wien\/wp-json\/wp\/v2\/users\/1"}],"replies":[{"embeddable":true,"href":"https:\/\/matthias-wieser.com\/google-ads-agentur-wien\/wp-json\/wp\/v2\/comments?post=45"}],"version-history":[{"count":13,"href":"https:\/\/matthias-wieser.com\/google-ads-agentur-wien\/wp-json\/wp\/v2\/pages\/45\/revisions"}],"predecessor-version":[{"id":874,"href":"https:\/\/matthias-wieser.com\/google-ads-agentur-wien\/wp-json\/wp\/v2\/pages\/45\/revisions\/874"}],"wp:attachment":[{"href":"https:\/\/matthias-wieser.com\/google-ads-agentur-wien\/wp-json\/wp\/v2\/media?parent=45"}],"curies":[{"name":"wp","href":"https:\/\/api.w.org\/{rel}","templated":true}]}}